{"id":29,"date":"2015-10-29T20:31:42","date_gmt":"2015-10-29T20:31:42","guid":{"rendered":"http:\/\/www.caio.cat\/?page_id=29"},"modified":"2015-12-15T13:59:42","modified_gmt":"2015-12-15T13:59:42","slug":"aerodrom-igualada-odena","status":"publish","type":"page","link":"https:\/\/www.caio.aero\/Es\/aerodromo-igualada-odena\/","title":{"rendered":"CAIO"},"content":{"rendered":"<p>[vc_row row_type=&#8221;row&#8221; use_row_as_full_screen_section=&#8221;no&#8221; type=&#8221;grid&#8221; angled_section=&#8221;no&#8221; text_align=&#8221;left&#8221; background_image=&#8221;193&#8243; background_image_as_pattern=&#8221;without_pattern&#8221; css_animation=&#8221;&#8221; css=&#8221;.vc_custom_1447347424300{margin-top: 0px !important;margin-right: 0px !important;margin-bottom: 0px !important;margin-left: 0px !important;border-top-width: 0px !important;border-right-width: 0px !important;border-bottom-width: 0px !important;border-left-width: 0px !important;padding-top: 0px !important;padding-right: 0px !important;padding-bottom: 100px !important;padding-left: 0px !important;}&#8221;][vc_column width=&#8221;1\/6&#8243;][\/vc_column][vc_column width=&#8221;2\/3&#8243; css=&#8221;.vc_custom_1447347490766{padding-top: -100px !important;}&#8221;][vc_empty_space height=&#8221;300px&#8221;][vc_column_text]<\/p>\n<h5 style=\"text-align: center;\"><strong><span style=\"color: #ffffff;\">CAIO<\/span><\/strong><\/h5>\n<p>[\/vc_column_text][vc_separator type=&#8221;transparent&#8221;][vc_column_text]<\/p>\n<h1 style=\"text-align: center;\"><span style=\"color: #ffffff;\">Consorcio de Gesti\u00f3n del Aer\u00f3dromo Igualada-\u00d2dena<\/span><\/h1>\n<p>[\/vc_column_text][vc_separator type=&#8221;transparent&#8221;][vc_column_text]<\/p>\n<h4 style=\"text-align: center;\"><span style=\"color: #ffffff;\"><strong>Aer\u00f3dromo de Igualada-\u00d2dena | Aviaci\u00f3n general y deportiva<\/strong><\/span><\/h4>\n<p>[\/vc_column_text][\/vc_column][vc_column width=&#8221;1\/6&#8243;][\/vc_column][\/vc_row][vc_row row_type=&#8221;row&#8221; use_row_as_full_screen_section=&#8221;no&#8221; type=&#8221;full_width&#8221; angled_section=&#8221;no&#8221; text_align=&#8221;left&#8221; background_image_as_pattern=&#8221;without_pattern&#8221; css_animation=&#8221;&#8221;][vc_column][vc_empty_space height=&#8221;40px&#8221;][\/vc_column][\/vc_row][vc_row row_type=&#8221;row&#8221; use_row_as_full_screen_section=&#8221;no&#8221; type=&#8221;grid&#8221; angled_section=&#8221;no&#8221; text_align=&#8221;left&#8221; background_image_as_pattern=&#8221;without_pattern&#8221; css_animation=&#8221;&#8221;][vc_column width=&#8221;1\/6&#8243;][\/vc_column][vc_column width=&#8221;2\/3&#8243;][vc_column_text]<\/p>\n<h1 style=\"text-align: center;\"><b>CAIO<\/b><\/h1>\n<p>[\/vc_column_text][vc_separator type=&#8221;transparent&#8221;][vc_column_text]<\/p>\n<p class=\"p1\" style=\"text-align: center;\">El Consorcio de Gesti\u00f3n del Aer\u00f3dromo de Igualada-\u00d3dena es el \u00f3rgano p\u00fablico conformado por los Ayuntamientos de Igualada y de \u00d3dena que gestiona y realiza el mantenimiento de todas las infraestructuras t\u00e9cnicas y administrativas para que, dentro del aer\u00f3dromo, se puedan realizar todas las actividades que empresas y clubes quieran desarrollar. Este Consorcio quiere promover tambi\u00e9n la actividad alrededor de la aeron\u00e1utica deportiva en todos sus aspectos.<\/p>\n<p>[\/vc_column_text][vc_separator type=&#8221;transparent&#8221;][\/vc_column][vc_column width=&#8221;1\/6&#8243;][\/vc_column][\/vc_row][vc_row row_type=&#8221;row&#8221; use_row_as_full_screen_section=&#8221;no&#8221; type=&#8221;full_width&#8221; angled_section=&#8221;no&#8221; text_align=&#8221;left&#8221; background_image_as_pattern=&#8221;without_pattern&#8221; css_animation=&#8221;&#8221;][vc_column][vc_empty_space height=&#8221;100px&#8221;][\/vc_column][\/vc_row]<\/p>","protected":false},"excerpt":{"rendered":"<p>[vc_row row_type=&#8221;row&#8221; use_row_as_full_screen_section=&#8221;no&#8221; type=&#8221;grid&#8221; angled_section=&#8221;no&#8221; text_align=&#8221;left&#8221; background_image=&#8221;193&#8243; background_image_as_pattern=&#8221;without_pattern&#8221; css_animation=&#8221;&#8221; css=&#8221;.vc_custom_1447347424300{margin-top: 0px !important;margin-right: 0px !important;margin-bottom: 0px !important;margin-left: 0px !important;border-top-width: 0px !important;border-right-width: 0px !important;border-bottom-width: 0px !important;border-left-width: 0px !important;padding-top: 0px !important;padding-right: 0px !important;padding-bottom: 100px !important;padding-left: 0px !important;}&#8221;][vc_column width=&#8221;1\/6&#8243;][\/vc_column][vc_column width=&#8221;2\/3&#8243; css=&#8221;.vc_custom_1447347490766{padding-top: -100px !important;}&#8221;][vc_empty_space height=&#8221;300px&#8221;][vc_column_text] CAIO [\/vc_column_text][vc_separator type=&#8221;transparent&#8221;][vc_column_text] Consorcio de Gesti\u00f3n del Aer\u00f3dromo Igualada-\u00d2dena [\/vc_column_text][vc_separator type=&#8221;transparent&#8221;][vc_column_text] Aer\u00f3dromo de Igualada-\u00d2dena | Aviaci\u00f3n general y deportiva [\/vc_column_text][\/vc_column][vc_column width=&#8221;1\/6&#8243;][\/vc_column][\/vc_row][vc_row row_type=&#8221;row&#8221; use_row_as_full_screen_section=&#8221;no&#8221; type=&#8221;full_width&#8221; angled_section=&#8221;no&#8221; text_align=&#8221;left&#8221; background_image_as_pattern=&#8221;without_pattern&#8221; css_animation=&#8221;&#8221;][vc_column][vc_empty_space height=&#8221;40px&#8221;][\/vc_column][\/vc_row][vc_row row_type=&#8221;row&#8221; use_row_as_full_screen_section=&#8221;no&#8221; type=&#8221;grid&#8221; angled_section=&#8221;no&#8221; text_align=&#8221;left&#8221; background_image_as_pattern=&#8221;without_pattern&#8221; css_animation=&#8221;&#8221;][vc_column width=&#8221;1\/6&#8243;][\/vc_column][vc_column width=&#8221;2\/3&#8243;][vc_column_text] CAIO [\/vc_column_text][vc_separator type=&#8221;transparent&#8221;][vc_column_text] El Consorcio de Gesti\u00f3n del Aer\u00f3dromo de Igualada-\u00d3dena es el \u00f3rgano p\u00fablico conformado por los Ayuntamientos de Igualada y de \u00d3dena que gestiona y realiza el mantenimiento de todas las infraestructuras t\u00e9cnicas y administrativas para que, dentro del aer\u00f3dromo, se puedan realizar todas las actividades que empresas y clubes quieran desarrollar. Este Consorcio quiere promover tambi\u00e9n la actividad alrededor de la aeron\u00e1utica deportiva en todos sus aspectos. [\/vc_column_text][vc_separator type=&#8221;transparent&#8221;][\/vc_column][vc_column width=&#8221;1\/6&#8243;][\/vc_column][\/vc_row][vc_row row_type=&#8221;row&#8221; use_row_as_full_screen_section=&#8221;no&#8221; type=&#8221;full_width&#8221; angled_section=&#8221;no&#8221; text_align=&#8221;left&#8221; background_image_as_pattern=&#8221;without_pattern&#8221; css_animation=&#8221;&#8221;][vc_column][vc_empty_space height=&#8221;100px&#8221;][\/vc_column][\/vc_row]<\/p>\n","protected":false},"author":1,"featured_media":0,"parent":0,"menu_order":0,"comment_status":"closed","ping_status":"closed","template":"full_width.php","meta":[],"yoast_head":"<!-- This site is optimized with the Yoast SEO plugin v19.9 - https:\/\/yoast.com\/wordpress\/plugins\/seo\/ -->\n<title>CAIO | Aer\u00f2drom d\u2019Igualada i \u00d2dena<\/title>\n<meta name=\"description\" content=\"CAIO | Aer\u00f2drom d\u2019Igualada i \u00d2dena \u00e9s el Consorci de Gesti\u00f3 de l\u2019Aer\u00f2drom, l\u2019empresa que gestiona totes les infraestructures l\u2019Aer\u00f2drom\" \/>\n<meta name=\"robots\" content=\"index, follow, max-snippet:-1, max-image-preview:large, max-video-preview:-1\" \/>\n<link rel=\"canonical\" href=\"https:\/\/www.caio.aero\/aerodrom-igualada-odena\/\" \/>\n<meta property=\"og:locale\" content=\"es_ES\" \/>\n<meta property=\"og:type\" content=\"article\" \/>\n<meta property=\"og:title\" content=\"CAIO | Aer\u00f2drom d\u2019Igualada i \u00d2dena\" \/>\n<meta property=\"og:description\" content=\"CAIO | Aer\u00f2drom d\u2019Igualada i \u00d2dena \u00e9s el Consorci de Gesti\u00f3 de l\u2019Aer\u00f2drom, l\u2019empresa que gestiona totes les infraestructures l\u2019Aer\u00f2drom\" \/>\n<meta property=\"og:url\" content=\"https:\/\/www.caio.aero\/aerodrom-igualada-odena\/\" \/>\n<meta property=\"og:site_name\" content=\"CAIO\" \/>\n<meta property=\"article:modified_time\" content=\"2015-12-15T13:59:42+00:00\" \/>\n<meta name=\"twitter:card\" content=\"summary_large_image\" \/>\n<meta name=\"twitter:label1\" content=\"Est. reading time\" \/>\n\t<meta name=\"twitter:data1\" content=\"5 minutes\" \/>\n<script type=\"application\/ld+json\" class=\"yoast-schema-graph\">{\"@context\":\"https:\/\/schema.org\",\"@graph\":[{\"@type\":\"WebPage\",\"@id\":\"https:\/\/www.caio.aero\/aerodrom-igualada-odena\/\",\"url\":\"https:\/\/www.caio.aero\/aerodrom-igualada-odena\/\",\"name\":\"CAIO | Aer\u00f2drom d\u2019Igualada i \u00d2dena\",\"isPartOf\":{\"@id\":\"https:\/\/www.caio.aero\/#website\"},\"datePublished\":\"2015-10-29T20:31:42+00:00\",\"dateModified\":\"2015-12-15T13:59:42+00:00\",\"description\":\"CAIO | Aer\u00f2drom d\u2019Igualada i \u00d2dena \u00e9s el Consorci de Gesti\u00f3 de l\u2019Aer\u00f2drom, l\u2019empresa que gestiona totes les infraestructures l\u2019Aer\u00f2drom\",\"breadcrumb\":{\"@id\":\"https:\/\/www.caio.aero\/aerodrom-igualada-odena\/#breadcrumb\"},\"inLanguage\":\"es-es\",\"potentialAction\":[{\"@type\":\"ReadAction\",\"target\":[\"https:\/\/www.caio.aero\/aerodrom-igualada-odena\/\"]}]},{\"@type\":\"BreadcrumbList\",\"@id\":\"https:\/\/www.caio.aero\/aerodrom-igualada-odena\/#breadcrumb\",\"itemListElement\":[{\"@type\":\"ListItem\",\"position\":1,\"name\":\"Home\",\"item\":\"https:\/\/www.caio.aero\/\"},{\"@type\":\"ListItem\",\"position\":2,\"name\":\"CAIO\"}]},{\"@type\":\"WebSite\",\"@id\":\"https:\/\/www.caio.aero\/#website\",\"url\":\"https:\/\/www.caio.aero\/\",\"name\":\"CAIO\",\"description\":\"Consorci Aer\u00f2drom Igualada \u00d2dena\",\"potentialAction\":[{\"@type\":\"SearchAction\",\"target\":{\"@type\":\"EntryPoint\",\"urlTemplate\":\"https:\/\/www.caio.aero\/?s={search_term_string}\"},\"query-input\":\"required name=search_term_string\"}],\"inLanguage\":\"es-es\"}]}<\/script>\n<!-- \/ Yoast SEO plugin. -->","yoast_head_json":{"title":"CAIO | Aer\u00f2drom d\u2019Igualada i \u00d2dena","description":"CAIO | Aer\u00f2drom d\u2019Igualada i \u00d2dena \u00e9s el Consorci de Gesti\u00f3 de l\u2019Aer\u00f2drom, l\u2019empresa que gestiona totes les infraestructures l\u2019Aer\u00f2drom","robots":{"index":"index","follow":"follow","max-snippet":"max-snippet:-1","max-image-preview":"max-image-preview:large","max-video-preview":"max-video-preview:-1"},"canonical":"https:\/\/www.caio.aero\/aerodrom-igualada-odena\/","og_locale":"es_ES","og_type":"article","og_title":"CAIO | Aer\u00f2drom d\u2019Igualada i \u00d2dena","og_description":"CAIO | Aer\u00f2drom d\u2019Igualada i \u00d2dena \u00e9s el Consorci de Gesti\u00f3 de l\u2019Aer\u00f2drom, l\u2019empresa que gestiona totes les infraestructures l\u2019Aer\u00f2drom","og_url":"https:\/\/www.caio.aero\/aerodrom-igualada-odena\/","og_site_name":"CAIO","article_modified_time":"2015-12-15T13:59:42+00:00","twitter_card":"summary_large_image","twitter_misc":{"Est. reading time":"5 minutes"},"schema":{"@context":"https:\/\/schema.org","@graph":[{"@type":"WebPage","@id":"https:\/\/www.caio.aero\/aerodrom-igualada-odena\/","url":"https:\/\/www.caio.aero\/aerodrom-igualada-odena\/","name":"CAIO | Aer\u00f2drom d\u2019Igualada i \u00d2dena","isPartOf":{"@id":"https:\/\/www.caio.aero\/#website"},"datePublished":"2015-10-29T20:31:42+00:00","dateModified":"2015-12-15T13:59:42+00:00","description":"CAIO | Aer\u00f2drom d\u2019Igualada i \u00d2dena \u00e9s el Consorci de Gesti\u00f3 de l\u2019Aer\u00f2drom, l\u2019empresa que gestiona totes les infraestructures l\u2019Aer\u00f2drom","breadcrumb":{"@id":"https:\/\/www.caio.aero\/aerodrom-igualada-odena\/#breadcrumb"},"inLanguage":"es-es","potentialAction":[{"@type":"ReadAction","target":["https:\/\/www.caio.aero\/aerodrom-igualada-odena\/"]}]},{"@type":"BreadcrumbList","@id":"https:\/\/www.caio.aero\/aerodrom-igualada-odena\/#breadcrumb","itemListElement":[{"@type":"ListItem","position":1,"name":"Home","item":"https:\/\/www.caio.aero\/"},{"@type":"ListItem","position":2,"name":"CAIO"}]},{"@type":"WebSite","@id":"https:\/\/www.caio.aero\/#website","url":"https:\/\/www.caio.aero\/","name":"CAIO","description":"Consorci Aer\u00f2drom Igualada \u00d2dena","potentialAction":[{"@type":"SearchAction","target":{"@type":"EntryPoint","urlTemplate":"https:\/\/www.caio.aero\/?s={search_term_string}"},"query-input":"required name=search_term_string"}],"inLanguage":"es-es"}]}},"_links":{"self":[{"href":"https:\/\/www.caio.aero\/Es\/wp-json\/wp\/v2\/pages\/29"}],"collection":[{"href":"https:\/\/www.caio.aero\/Es\/wp-json\/wp\/v2\/pages"}],"about":[{"href":"https:\/\/www.caio.aero\/Es\/wp-json\/wp\/v2\/types\/page"}],"author":[{"embeddable":true,"href":"https:\/\/www.caio.aero\/Es\/wp-json\/wp\/v2\/users\/1"}],"replies":[{"embeddable":true,"href":"https:\/\/www.caio.aero\/Es\/wp-json\/wp\/v2\/comments?post=29"}],"version-history":[{"count":35,"href":"https:\/\/www.caio.aero\/Es\/wp-json\/wp\/v2\/pages\/29\/revisions"}],"predecessor-version":[{"id":247,"href":"https:\/\/www.caio.aero\/Es\/wp-json\/wp\/v2\/pages\/29\/revisions\/247"}],"wp:attachment":[{"href":"https:\/\/www.caio.aero\/Es\/wp-json\/wp\/v2\/media?parent=29"}],"curies":[{"name":"wp","href":"https:\/\/api.w.org\/{rel}","templated":true}]}}