{"id":38,"date":"2015-10-29T20:48:08","date_gmt":"2015-10-29T20:48:08","guid":{"rendered":"http:\/\/www.caio.cat\/?page_id=38"},"modified":"2019-09-04T10:34:33","modified_gmt":"2019-09-04T10:34:33","slug":"contacte","status":"publish","type":"page","link":"https:\/\/www.caio.aero\/Es\/contacto\/","title":{"rendered":"Contacta"},"content":{"rendered":"<p>[vc_row row_type=&#8221;row&#8221; use_row_as_full_screen_section=&#8221;no&#8221; type=&#8221;grid&#8221; angled_section=&#8221;no&#8221; text_align=&#8221;left&#8221; background_image=&#8221;212&#8243; background_image_as_pattern=&#8221;without_pattern&#8221; css_animation=&#8221;&#8221; css=&#8221;.vc_custom_1447755524156{margin-top: 0px !important;margin-right: 0px !important;margin-bottom: 0px !important;margin-left: 0px !important;border-top-width: 0px !important;border-right-width: 0px !important;border-bottom-width: 0px !important;border-left-width: 0px !important;padding-top: 0px !important;padding-right: 0px !important;padding-bottom: 100px !important;padding-left: 0px !important;}&#8221;][vc_column width=&#8221;2\/3&#8243; css=&#8221;.vc_custom_1446081100278{padding-top: 0px !important;padding-right: 50px !important;padding-bottom: 0px !important;padding-left: 0px !important;}&#8221;][vc_empty_space height=&#8221;200px&#8221;][vc_column_text]<\/p>\n<h5 style=\"text-align: left;\"><span style=\"color: #ffffff;\"><strong>CAIO<\/strong><\/span><\/h5>\n<p>[\/vc_column_text][vc_separator type=&#8221;transparent&#8221;][vc_column_text]<\/p>\n<h1 style=\"text-align: left;\"><span style=\"color: #ffffff;\">Contacta con nosotros<\/span><\/h1>\n<p>[\/vc_column_text][vc_separator type=&#8221;transparent&#8221;][vc_column_text]<strong><span style=\"color: #ffffff;\">Aer\u00f3dromo de Igualada-\u00d2dena | Aviaci\u00f3n general y deportiva<\/span><\/strong>[\/vc_column_text][vc_separator type=&#8221;transparent&#8221;][\/vc_column][vc_column width=&#8221;1\/3&#8243;][vc_empty_space height=&#8221;200px&#8221;][vc_separator type=&#8221;transparent&#8221;][vc_column_text]<\/p>\n<h3><span style=\"color: #ffffff;\">M\u00f3vil: +34 620 911 096<\/span><\/h3>\n<p>[\/vc_column_text][vc_separator type=&#8221;transparent&#8221; up=&#8221;1px&#8221;][vc_column_text]<\/p>\n<h3><span style=\"color: #ffffff;\">info@caio.aero<\/span><\/h3>\n<p>[\/vc_column_text][vc_separator type=&#8221;transparent&#8221; up=&#8221;1px&#8221;][vc_separator type=&#8221;transparent&#8221; up=&#8221;1px&#8221;][\/vc_column][\/vc_row][vc_row row_type=&#8221;row&#8221; use_row_as_full_screen_section=&#8221;no&#8221; type=&#8221;full_width&#8221; angled_section=&#8221;no&#8221; text_align=&#8221;left&#8221; background_image_as_pattern=&#8221;without_pattern&#8221; css_animation=&#8221;&#8221;][vc_column][vc_empty_space height=&#8221;100px&#8221;][\/vc_column][\/vc_row][vc_row row_type=&#8221;row&#8221; use_row_as_full_screen_section=&#8221;no&#8221; type=&#8221;grid&#8221; angled_section=&#8221;no&#8221; text_align=&#8221;left&#8221; background_image_as_pattern=&#8221;without_pattern&#8221; css_animation=&#8221;&#8221;][vc_column width=&#8221;2\/3&#8243; css=&#8221;.vc_custom_1446081155369{padding-top: 0px !important;padding-right: 50px !important;padding-bottom: 0px !important;padding-left: 0px !important;}&#8221;][vc_gmaps link=&#8221;#E-8_JTNDaWZyYW1lJTIwc3JjJTNEJTIyaHR0cHMlM0ElMkYlMkZ3d3cuZ29vZ2xlLmNvbSUyRm1hcHMlMkZlbWJlZCUzRnBiJTNEJTIxMW0xOCUyMTFtMTIlMjExbTMlMjExZDI5ODQuMjI3MDA5OTA1NDQlMjEyZDEuNjUxMjM0MzE1NDMxOTY3MyUyMTNkNDEuNTg1OTcxNDc5MjQ2NDMlMjEybTMlMjExZjAlMjEyZjAlMjEzZjAlMjEzbTIlMjExaTEwMjQlMjEyaTc2OCUyMTRmMTMuMSUyMTNtMyUyMTFtMiUyMTFzMHgwMDAwMDAwMDAwMDAwMDAwJTI1M0EweDQ1YjI0M2ZhMzJjYzE1M2YlMjEyc0FlciUyNUMzJTI1QjJkcm9tJTJCSWd1YWxhZGEtJTI1QzMlMjU5MmRlbmElMjE1ZTAlMjEzbTIlMjExc2NhJTIxMnNlcyUyMTR2MTQ0NjIwNzgxNTk1NSUyMiUyMHdpZHRoJTNEJTIyNjAwJTIyJTIwaGVpZ2h0JTNEJTIyNDUwJTIyJTIwZnJhbWVib3JkZXIlM0QlMjIwJTIyJTIwc3R5bGUlM0QlMjJib3JkZXIlM0EwJTIyJTIwYWxsb3dmdWxsc2NyZWVuJTNFJTNDJTJGaWZyYW1lJTNF&#8221;][\/vc_column][vc_column width=&#8221;1\/3&#8243;][vc_column_text]<\/p>\n<h1><span style=\"color: #000000;\">Localizaci\u00f3n<\/span><\/h1>\n<p>[\/vc_column_text][vc_separator type=&#8221;transparent&#8221;][vc_column_text]<\/p>\n<h5><strong>CAIO<\/strong><\/h5>\n<p class=\"p1\"><span class=\"s1\">Aer\u00f2drom Igualada-\u00d2dena<\/span><\/p>\n<p>M\u00f3vil: +34 620 911 096<\/p>\n<p>08711 \u00d2dena<\/p>\n<p>Barcelona[\/vc_column_text][\/vc_column][\/vc_row][vc_row row_type=&#8221;row&#8221; use_row_as_full_screen_section=&#8221;no&#8221; type=&#8221;full_width&#8221; angled_section=&#8221;no&#8221; text_align=&#8221;left&#8221; background_image_as_pattern=&#8221;without_pattern&#8221; css_animation=&#8221;&#8221;][vc_column][vc_empty_space height=&#8221;100px&#8221;][\/vc_column][\/vc_row]<\/p>","protected":false},"excerpt":{"rendered":"<p>[vc_row row_type=&#8221;row&#8221; use_row_as_full_screen_section=&#8221;no&#8221; type=&#8221;grid&#8221; angled_section=&#8221;no&#8221; text_align=&#8221;left&#8221; background_image=&#8221;212&#8243; background_image_as_pattern=&#8221;without_pattern&#8221; css_animation=&#8221;&#8221; css=&#8221;.vc_custom_1447755524156{margin-top: 0px !important;margin-right: 0px !important;margin-bottom: 0px !important;margin-left: 0px !important;border-top-width: 0px !important;border-right-width: 0px !important;border-bottom-width: 0px !important;border-left-width: 0px !important;padding-top: 0px !important;padding-right: 0px !important;padding-bottom: 100px !important;padding-left: 0px !important;}&#8221;][vc_column width=&#8221;2\/3&#8243; css=&#8221;.vc_custom_1446081100278{padding-top: 0px !important;padding-right: 50px !important;padding-bottom: 0px !important;padding-left: 0px !important;}&#8221;][vc_empty_space height=&#8221;200px&#8221;][vc_column_text] CAIO [\/vc_column_text][vc_separator type=&#8221;transparent&#8221;][vc_column_text] Contacta con nosotros [\/vc_column_text][vc_separator type=&#8221;transparent&#8221;][vc_column_text]Aer\u00f3dromo de Igualada-\u00d2dena | Aviaci\u00f3n general y deportiva[\/vc_column_text][vc_separator type=&#8221;transparent&#8221;][\/vc_column][vc_column width=&#8221;1\/3&#8243;][vc_empty_space height=&#8221;200px&#8221;][vc_separator type=&#8221;transparent&#8221;][vc_column_text] M\u00f3vil: +34 620 911 096 [\/vc_column_text][vc_separator type=&#8221;transparent&#8221; up=&#8221;1px&#8221;][vc_column_text] info@caio.aero [\/vc_column_text][vc_separator type=&#8221;transparent&#8221; up=&#8221;1px&#8221;][vc_separator type=&#8221;transparent&#8221; up=&#8221;1px&#8221;][\/vc_column][\/vc_row][vc_row row_type=&#8221;row&#8221; use_row_as_full_screen_section=&#8221;no&#8221; type=&#8221;full_width&#8221; angled_section=&#8221;no&#8221; text_align=&#8221;left&#8221; background_image_as_pattern=&#8221;without_pattern&#8221; css_animation=&#8221;&#8221;][vc_column][vc_empty_space height=&#8221;100px&#8221;][\/vc_column][\/vc_row][vc_row row_type=&#8221;row&#8221; use_row_as_full_screen_section=&#8221;no&#8221; type=&#8221;grid&#8221; angled_section=&#8221;no&#8221; text_align=&#8221;left&#8221; background_image_as_pattern=&#8221;without_pattern&#8221; css_animation=&#8221;&#8221;][vc_column width=&#8221;2\/3&#8243; css=&#8221;.vc_custom_1446081155369{padding-top: 0px !important;padding-right: 50px !important;padding-bottom: 0px !important;padding-left: 0px !important;}&#8221;][vc_gmaps link=&#8221;#E-8_JTNDaWZyYW1lJTIwc3JjJTNEJTIyaHR0cHMlM0ElMkYlMkZ3d3cuZ29vZ2xlLmNvbSUyRm1hcHMlMkZlbWJlZCUzRnBiJTNEJTIxMW0xOCUyMTFtMTIlMjExbTMlMjExZDI5ODQuMjI3MDA5OTA1NDQlMjEyZDEuNjUxMjM0MzE1NDMxOTY3MyUyMTNkNDEuNTg1OTcxNDc5MjQ2NDMlMjEybTMlMjExZjAlMjEyZjAlMjEzZjAlMjEzbTIlMjExaTEwMjQlMjEyaTc2OCUyMTRmMTMuMSUyMTNtMyUyMTFtMiUyMTFzMHgwMDAwMDAwMDAwMDAwMDAwJTI1M0EweDQ1YjI0M2ZhMzJjYzE1M2YlMjEyc0FlciUyNUMzJTI1QjJkcm9tJTJCSWd1YWxhZGEtJTI1QzMlMjU5MmRlbmElMjE1ZTAlMjEzbTIlMjExc2NhJTIxMnNlcyUyMTR2MTQ0NjIwNzgxNTk1NSUyMiUyMHdpZHRoJTNEJTIyNjAwJTIyJTIwaGVpZ2h0JTNEJTIyNDUwJTIyJTIwZnJhbWVib3JkZXIlM0QlMjIwJTIyJTIwc3R5bGUlM0QlMjJib3JkZXIlM0EwJTIyJTIwYWxsb3dmdWxsc2NyZWVuJTNFJTNDJTJGaWZyYW1lJTNF&#8221;][\/vc_column][vc_column width=&#8221;1\/3&#8243;][vc_column_text] Localizaci\u00f3n [\/vc_column_text][vc_separator type=&#8221;transparent&#8221;][vc_column_text] CAIO Aer\u00f2drom Igualada-\u00d2dena M\u00f3vil: +34 620 911 096 08711 \u00d2dena Barcelona[\/vc_column_text][\/vc_column][\/vc_row][vc_row row_type=&#8221;row&#8221; use_row_as_full_screen_section=&#8221;no&#8221; type=&#8221;full_width&#8221; angled_section=&#8221;no&#8221; text_align=&#8221;left&#8221; background_image_as_pattern=&#8221;without_pattern&#8221; css_animation=&#8221;&#8221;][vc_column][vc_empty_space height=&#8221;100px&#8221;][\/vc_column][\/vc_row]<\/p>\n","protected":false},"author":1,"featured_media":0,"parent":0,"menu_order":0,"comment_status":"closed","ping_status":"closed","template":"full_width.php","meta":[],"yoast_head":"<!-- This site is optimized with the Yoast SEO plugin v19.9 - https:\/\/yoast.com\/wordpress\/plugins\/seo\/ -->\n<title>CAIO | Contacte<\/title>\n<meta name=\"description\" content=\"CAIO | Contacte | L\u2019aer\u00f2drom d\u2019Igualada i \u00d2dena | Aviaci\u00f3 general i esportiva | Tel.620 911 096 | info@caio.aero | Aer\u00f2drom General Vives | 0871\" \/>\n<meta name=\"robots\" content=\"index, follow, max-snippet:-1, max-image-preview:large, max-video-preview:-1\" \/>\n<link rel=\"canonical\" href=\"https:\/\/www.caio.aero\/contacte\/\" \/>\n<meta property=\"og:locale\" content=\"es_ES\" \/>\n<meta property=\"og:type\" content=\"article\" \/>\n<meta property=\"og:title\" content=\"CAIO | Contacte\" \/>\n<meta property=\"og:description\" content=\"CAIO | Contacte | L\u2019aer\u00f2drom d\u2019Igualada i \u00d2dena | Aviaci\u00f3 general i esportiva | Tel.620 911 096 | info@caio.aero | Aer\u00f2drom General Vives | 0871\" \/>\n<meta property=\"og:url\" content=\"https:\/\/www.caio.aero\/contacte\/\" \/>\n<meta property=\"og:site_name\" content=\"CAIO\" \/>\n<meta property=\"article:modified_time\" content=\"2019-09-04T10:34:33+00:00\" \/>\n<meta name=\"twitter:card\" content=\"summary_large_image\" \/>\n<meta name=\"twitter:label1\" content=\"Est. reading time\" \/>\n\t<meta name=\"twitter:data1\" content=\"6 minutes\" \/>\n<script type=\"application\/ld+json\" class=\"yoast-schema-graph\">{\"@context\":\"https:\/\/schema.org\",\"@graph\":[{\"@type\":\"WebPage\",\"@id\":\"https:\/\/www.caio.aero\/contacte\/\",\"url\":\"https:\/\/www.caio.aero\/contacte\/\",\"name\":\"CAIO | Contacte\",\"isPartOf\":{\"@id\":\"https:\/\/www.caio.aero\/#website\"},\"datePublished\":\"2015-10-29T20:48:08+00:00\",\"dateModified\":\"2019-09-04T10:34:33+00:00\",\"description\":\"CAIO | Contacte | L\u2019aer\u00f2drom d\u2019Igualada i \u00d2dena | Aviaci\u00f3 general i esportiva | Tel.620 911 096 | info@caio.aero | Aer\u00f2drom General Vives | 0871\",\"breadcrumb\":{\"@id\":\"https:\/\/www.caio.aero\/contacte\/#breadcrumb\"},\"inLanguage\":\"es-es\",\"potentialAction\":[{\"@type\":\"ReadAction\",\"target\":[\"https:\/\/www.caio.aero\/contacte\/\"]}]},{\"@type\":\"BreadcrumbList\",\"@id\":\"https:\/\/www.caio.aero\/contacte\/#breadcrumb\",\"itemListElement\":[{\"@type\":\"ListItem\",\"position\":1,\"name\":\"Home\",\"item\":\"https:\/\/www.caio.aero\/\"},{\"@type\":\"ListItem\",\"position\":2,\"name\":\"Contacte\"}]},{\"@type\":\"WebSite\",\"@id\":\"https:\/\/www.caio.aero\/#website\",\"url\":\"https:\/\/www.caio.aero\/\",\"name\":\"CAIO\",\"description\":\"Consorci Aer\u00f2drom Igualada \u00d2dena\",\"potentialAction\":[{\"@type\":\"SearchAction\",\"target\":{\"@type\":\"EntryPoint\",\"urlTemplate\":\"https:\/\/www.caio.aero\/?s={search_term_string}\"},\"query-input\":\"required name=search_term_string\"}],\"inLanguage\":\"es-es\"}]}<\/script>\n<!-- \/ Yoast SEO plugin. -->","yoast_head_json":{"title":"CAIO | Contacte","description":"CAIO | Contacte | L\u2019aer\u00f2drom d\u2019Igualada i \u00d2dena | Aviaci\u00f3 general i esportiva | Tel.620 911 096 | info@caio.aero | Aer\u00f2drom General Vives | 0871","robots":{"index":"index","follow":"follow","max-snippet":"max-snippet:-1","max-image-preview":"max-image-preview:large","max-video-preview":"max-video-preview:-1"},"canonical":"https:\/\/www.caio.aero\/contacte\/","og_locale":"es_ES","og_type":"article","og_title":"CAIO | Contacte","og_description":"CAIO | Contacte | L\u2019aer\u00f2drom d\u2019Igualada i \u00d2dena | Aviaci\u00f3 general i esportiva | Tel.620 911 096 | info@caio.aero | Aer\u00f2drom General Vives | 0871","og_url":"https:\/\/www.caio.aero\/contacte\/","og_site_name":"CAIO","article_modified_time":"2019-09-04T10:34:33+00:00","twitter_card":"summary_large_image","twitter_misc":{"Est. reading time":"6 minutes"},"schema":{"@context":"https:\/\/schema.org","@graph":[{"@type":"WebPage","@id":"https:\/\/www.caio.aero\/contacte\/","url":"https:\/\/www.caio.aero\/contacte\/","name":"CAIO | Contacte","isPartOf":{"@id":"https:\/\/www.caio.aero\/#website"},"datePublished":"2015-10-29T20:48:08+00:00","dateModified":"2019-09-04T10:34:33+00:00","description":"CAIO | Contacte | L\u2019aer\u00f2drom d\u2019Igualada i \u00d2dena | Aviaci\u00f3 general i esportiva | Tel.620 911 096 | info@caio.aero | Aer\u00f2drom General Vives | 0871","breadcrumb":{"@id":"https:\/\/www.caio.aero\/contacte\/#breadcrumb"},"inLanguage":"es-es","potentialAction":[{"@type":"ReadAction","target":["https:\/\/www.caio.aero\/contacte\/"]}]},{"@type":"BreadcrumbList","@id":"https:\/\/www.caio.aero\/contacte\/#breadcrumb","itemListElement":[{"@type":"ListItem","position":1,"name":"Home","item":"https:\/\/www.caio.aero\/"},{"@type":"ListItem","position":2,"name":"Contacte"}]},{"@type":"WebSite","@id":"https:\/\/www.caio.aero\/#website","url":"https:\/\/www.caio.aero\/","name":"CAIO","description":"Consorci Aer\u00f2drom Igualada \u00d2dena","potentialAction":[{"@type":"SearchAction","target":{"@type":"EntryPoint","urlTemplate":"https:\/\/www.caio.aero\/?s={search_term_string}"},"query-input":"required name=search_term_string"}],"inLanguage":"es-es"}]}},"_links":{"self":[{"href":"https:\/\/www.caio.aero\/Es\/wp-json\/wp\/v2\/pages\/38"}],"collection":[{"href":"https:\/\/www.caio.aero\/Es\/wp-json\/wp\/v2\/pages"}],"about":[{"href":"https:\/\/www.caio.aero\/Es\/wp-json\/wp\/v2\/types\/page"}],"author":[{"embeddable":true,"href":"https:\/\/www.caio.aero\/Es\/wp-json\/wp\/v2\/users\/1"}],"replies":[{"embeddable":true,"href":"https:\/\/www.caio.aero\/Es\/wp-json\/wp\/v2\/comments?post=38"}],"version-history":[{"count":32,"href":"https:\/\/www.caio.aero\/Es\/wp-json\/wp\/v2\/pages\/38\/revisions"}],"predecessor-version":[{"id":299,"href":"https:\/\/www.caio.aero\/Es\/wp-json\/wp\/v2\/pages\/38\/revisions\/299"}],"wp:attachment":[{"href":"https:\/\/www.caio.aero\/Es\/wp-json\/wp\/v2\/media?parent=38"}],"curies":[{"name":"wp","href":"https:\/\/api.w.org\/{rel}","templated":true}]}}